{"id":2,"date":"2022-10-06T18:09:50","date_gmt":"2022-10-06T18:09:50","guid":{"rendered":"https:\/\/rochebanyan.ca\/?page_id=2"},"modified":"2025-05-06T10:14:07","modified_gmt":"2025-05-06T14:14:07","slug":"home","status":"publish","type":"page","link":"https:\/\/www.rochebanyan.ca\/fr\/","title":{"rendered":"Accueil"},"content":{"rendered":"<section class=\"home-slider-section wp-block-wp-expert-home-slider\"> \n    <div x-data=\"{        init() {            var main = new Splide(this.$refs.splidemain, {                perPage: 1,                fixedHeight : 560,                rewind    : true,                pagination: false,                arrows    : false,                autoplay    : true,                interval    : 4000,                breakpoints : {                1000: {                    fixedHeight: 300,                },                },            });            var thumb = new Splide(this.$refs.splidethumb, {                fixedWidth  : 380,                gap         : 0,                rewind      : true,                pagination  : false,                arrows      :false,                isNavigation: true,                breakpoints : {                1200: {                    fixedWidth : 315,                },                1000: {                    fixedWidth : false,                    fixedHeight: false,                },                },            });            main.sync( thumb );            main.mount();            thumb.mount();        },    }\" class=\"home-slider-container\">\n        <section x-ref=\"splidemain\" class=\"splide splide-full\" aria-label=\"Splide Basic HTML Example\"> \n            <div class=\"splide__arrows\"> \n                <button class=\"splide__arrow splide__arrow--prev\"> \n                    Prev                <\/button>                 \n                <button class=\"splide__arrow splide__arrow--next\"> \n                    Next                <\/button>                 \n            <\/div>             \n            <div class=\"splide__track\"> \n                <ul class=\"splide__list\"> \n                    <li class=\"splide__slide\">\n                                                    <img loading=\"lazy\" decoding=\"async\" width=\"2000\" height=\"960\" src=\"https:\/\/www.rochebanyan.ca\/wp-content\/uploads\/Woman_With_Laptop2.webp\" class=\"wp-image-4974\" alt=\"Woman With Laptop\" srcset=\"https:\/\/www.rochebanyan.ca\/wp-content\/uploads\/Woman_With_Laptop2.webp 2000w, https:\/\/www.rochebanyan.ca\/wp-content\/uploads\/Woman_With_Laptop2-300x144.webp 300w, https:\/\/www.rochebanyan.ca\/wp-content\/uploads\/Woman_With_Laptop2-1024x492.webp 1024w, https:\/\/www.rochebanyan.ca\/wp-content\/uploads\/Woman_With_Laptop2-768x369.webp 768w, https:\/\/www.rochebanyan.ca\/wp-content\/uploads\/Woman_With_Laptop2-1536x737.webp 1536w\" sizes=\"auto, (max-width: 2000px) 100vw, 2000px\" \/>\n                                                                        <div class=\"home-slider-cta\">\n                            <h1>Pour vos finances<\/h1>\n                            <a href=\"\/fr\/what-we-do\/#where-are-you-now\" class=\"btn\"><p class=\"btn-text\">Ce que nous faisons<\/p><div class=\"btn-arrow\">\n                                    <svg xmlns=\"http:\/\/www.w3.org\/2000\/svg\" width=\"18.634\" height=\"19.705\" viewbox=\"0 0 18.634 30.705\" preserveaspectratio> \n                                        <path id=\"Icon_awesome-chevron-right\" data-name=\"Icon awesome-chevron-right\" d=\"M20.073,19.193,6.408,32.858a1.687,1.687,0,0,1-2.386,0L2.427,31.264a1.687,1.687,0,0,1,0-2.384L13.254,18,2.425,7.119a1.687,1.687,0,0,1,0-2.384L4.021,3.142a1.687,1.687,0,0,1,2.386,0L20.072,16.807A1.688,1.688,0,0,1,20.073,19.193Z\" transform=\"translate(-1.933 -2.648)\" fill=\"#fff\"\/> \n                                    <\/svg>\n                                <\/div><\/a>\n                        <\/div>\n                    <\/li>                     \n                    <li class=\"splide__slide\">\n                                                    <img loading=\"lazy\" decoding=\"async\" width=\"2000\" height=\"960\" src=\"https:\/\/www.rochebanyan.ca\/wp-content\/uploads\/Hiking_Map.webp\" class=\"wp-image-4972\" alt=\"Hiking Map\" srcset=\"https:\/\/www.rochebanyan.ca\/wp-content\/uploads\/Hiking_Map.webp 2000w, https:\/\/www.rochebanyan.ca\/wp-content\/uploads\/Hiking_Map-300x144.webp 300w, https:\/\/www.rochebanyan.ca\/wp-content\/uploads\/Hiking_Map-1024x492.webp 1024w, https:\/\/www.rochebanyan.ca\/wp-content\/uploads\/Hiking_Map-768x369.webp 768w, https:\/\/www.rochebanyan.ca\/wp-content\/uploads\/Hiking_Map-1536x737.webp 1536w\" sizes=\"auto, (max-width: 2000px) 100vw, 2000px\" \/>\n                                                                        <div class=\"home-slider-cta\">\n                            <h1>Pour votre pension<\/h1>\n                            <a href=\"\/fr\/what-we-do\/#where-are-you-now\" class=\"btn\"><p class=\"btn-text\">Ce que nous faisons<\/p><div class=\"btn-arrow\">\n                                    <svg xmlns=\"http:\/\/www.w3.org\/2000\/svg\" width=\"18.634\" height=\"19.705\" viewbox=\"0 0 18.634 30.705\" preserveaspectratio> \n                                        <path id=\"Icon_awesome-chevron-right\" data-name=\"Icon awesome-chevron-right\" d=\"M20.073,19.193,6.408,32.858a1.687,1.687,0,0,1-2.386,0L2.427,31.264a1.687,1.687,0,0,1,0-2.384L13.254,18,2.425,7.119a1.687,1.687,0,0,1,0-2.384L4.021,3.142a1.687,1.687,0,0,1,2.386,0L20.072,16.807A1.688,1.688,0,0,1,20.073,19.193Z\" transform=\"translate(-1.933 -2.648)\" fill=\"#fff\"\/> \n                                    <\/svg>\n                                <\/div><\/a>\n                        <\/div>\n                    <\/li>                     \n                    <li class=\"splide__slide\">\n                                                    <img loading=\"lazy\" decoding=\"async\" width=\"2000\" height=\"960\" src=\"https:\/\/www.rochebanyan.ca\/wp-content\/uploads\/Old_Couple_Tree1.webp\" class=\"wp-image-4973\" alt=\"Old Couple Tree\" srcset=\"https:\/\/www.rochebanyan.ca\/wp-content\/uploads\/Old_Couple_Tree1.webp 2000w, https:\/\/www.rochebanyan.ca\/wp-content\/uploads\/Old_Couple_Tree1-300x144.webp 300w, https:\/\/www.rochebanyan.ca\/wp-content\/uploads\/Old_Couple_Tree1-1024x492.webp 1024w, https:\/\/www.rochebanyan.ca\/wp-content\/uploads\/Old_Couple_Tree1-768x369.webp 768w, https:\/\/www.rochebanyan.ca\/wp-content\/uploads\/Old_Couple_Tree1-1536x737.webp 1536w\" sizes=\"auto, (max-width: 2000px) 100vw, 2000px\" \/>\n                                                                        <div class=\"home-slider-cta\">\n                            <h1>Pour votre retraite<\/h1>\n                            <a href=\"\/fr\/what-we-do\/#where-are-you-now\" class=\"btn\"><p class=\"btn-text\">Ce que nous faisons<\/p><div class=\"btn-arrow\">\n                                    <svg xmlns=\"http:\/\/www.w3.org\/2000\/svg\" width=\"18.634\" height=\"19.705\" viewbox=\"0 0 18.634 30.705\" preserveaspectratio> \n                                        <path id=\"Icon_awesome-chevron-right\" data-name=\"Icon awesome-chevron-right\" d=\"M20.073,19.193,6.408,32.858a1.687,1.687,0,0,1-2.386,0L2.427,31.264a1.687,1.687,0,0,1,0-2.384L13.254,18,2.425,7.119a1.687,1.687,0,0,1,0-2.384L4.021,3.142a1.687,1.687,0,0,1,2.386,0L20.072,16.807A1.688,1.688,0,0,1,20.073,19.193Z\" transform=\"translate(-1.933 -2.648)\" fill=\"#fff\"\/> \n                                    <\/svg>\n                                <\/div><\/a>\n                        <\/div>\n                    <\/li>                     \n                <\/ul>                 \n            <\/div>             \n            <ul class=\"splide__pagination\"><\/ul>             \n        <\/section>\n        <section x-ref=\"splidethumb\" class=\"splide splide-thumb\" aria-label=\"Splide Basic HTML Example\"> \n            <div class=\"splide__arrows\"> \n                <button class=\"splide__arrow splide__arrow--prev\"> \n                    Prev                <\/button>                 \n                <button class=\"splide__arrow splide__arrow--next\"> \n                    Next                <\/button>                 \n            <\/div>             \n            <div class=\"splide__track\"> \n                <ul class=\"splide__list\"> \n                    <li class=\"splide__slide\">\n                        <div class=\"slider-icon-wrapper\">\n                            <svg id=\"Layer_1\" data-name=\"Layer 1\" xmlns=\"http:\/\/www.w3.org\/2000\/svg\" viewbox=\"0 0 46.19 71.02\" role=\"presentation\"> \n                                <defs> \n                                    <style>.cls-1 { fill: #7bac39; stroke-width: 0px; }<\/style>                                     \n                                <\/defs>                                 \n                                <path class=\"cls-1\" d=\"m34.57,34.84c-.18.02-.31.18-.3.37.02.18.18.31.37.29,3.77-.25,6.75,1.13,8.95,4.14.27.37.22.69-.15.96-4.49,3.21-8.94,3.11-13.34-.28-.26-.2-.51-.19-.75.03l-3.89,3.63c-.27.25-.4.55-.4.91v23.13c0,.28.22.5.5.5h15.16c.31,0,.51.15.6.45l.26.88c.14.48-.14.99-.62,1.13-.08.02-.17.04-.26.04H4.84c-.49,0-.71-.24-.68-.72l.07-1.23c.02-.37.21-.55.58-.55h17.25c.33,0,.5-.17.5-.5v-14.09c0-.35-.13-.66-.38-.91l-8.81-8.81c-.39-.39-.45-.99-.16-1.45,1.36-2.12,7.65,5.42,8.73,6.51.14.14.37.15.51.01.07-.07.11-.17.11-.27v-12.33c0-.36-.13-.67-.38-.92l-6.05-6.04c-.21-.21-.55-.21-.76,0,0,0-.02.02-.03.03-3.57,4.13-7.77,4.89-12.6,2.26-.3-.16-.41-.53-.25-.83,0-.01.01-.02.02-.03,2.15-3.54,5.34-5.16,9.55-4.87.13,0,.25-.1.25-.23,0-.01,0-.03,0-.04-.03-.19-.13-.3-.32-.32C5.73,24.98-1.03,19.45.13,12.45c.06-.37.27-.54.64-.52,7.29.37,11.59,4.09,12.89,11.16,0,.04.04.06.08.06.04,0,.06-.03.05-.07h0c-.08-3.72,1.36-6.71,4.31-8.96.25-.19.6-.14.78.1,0,0,0,.01.01.02,3.23,4.58,2.9,8.88-.97,12.91-.27.28-.26.55.02.82l4.07,3.82c.37.35.55.27.55-.24V9.06c0-.47.24-.7.71-.68l1.01.05c.52.03.78.3.78.82v2.5c0,.23.18.41.41.41.1,0,.2-.04.28-.11,1.56-1.48,2.56-2.34,3.21-4.57C30.37,2.6,33.76.11,39.13,0c.4-.01.73.3.74.71,0,.02,0,.05,0,.07-.38,5.79-3.44,9.22-9.17,10.29-.25.05-.47.16-.66.34l-4.63,4.63c-.23.23-.35.52-.35.85v23.17c0,.2.17.36.37.35.09,0,.18-.04.24-.1l6.87-6.91c.27-.27.46-.62.53-.99,1.37-6.75,5.49-10.26,12.36-10.55.4-.02.74.29.76.69,0,.03,0,.06,0,.09-.57,7.27-4.45,11.34-11.62,12.2Zm2.1-31.78c-.4-.41-1.85.38-3.24,1.75-1.38,1.37-2.18,2.82-1.77,3.23,0,0,0,0,0,0,.4.41,1.85-.38,3.24-1.75,1.38-1.37,2.18-2.82,1.77-3.23,0,0,0,0,0,0ZM10.77,22.65c.68-.69-.49-2.95-2.61-5.05-2.12-2.11-4.39-3.26-5.07-2.57-.68.69.49,2.95,2.61,5.05,2.12,2.11,4.39,3.26,5.07,2.57Zm6.41,1.18c.49.06,1.04-1.12,1.23-2.65h0c.19-1.52-.05-2.81-.53-2.87,0,0,0,0,0,0-.49-.06-1.04,1.12-1.23,2.65h0c-.19,1.52.05,2.81.53,2.87,0,0,0,0,0,0Zm25.76,1.17c-.6-.61-2.62.42-4.5,2.3-1.88,1.88-2.92,3.89-2.31,4.49.6.61,2.62-.42,4.5-2.3,1.88-1.88,2.92-3.89,2.31-4.49Zm-30.63,4.13c-.11-.45-1.54-.47-3.19-.05,0,0,0,0,0,0-1.65.42-2.89,1.13-2.78,1.57h0c.11.45,1.54.47,3.19.05,0,0,0,0,0,0,1.65-.42,2.89-1.13,2.78-1.57,0,0,0,0,0,0Zm27.47,10.46c.07-.58-1.48-1.24-3.46-1.48,0,0,0,0,0,0-1.98-.24-3.64.03-3.71.61s1.48,1.24,3.46,1.48c0,0,0,0,0,0,1.98.24,3.64-.03,3.71-.61h0Z\"\/> \n                            <\/svg>\n                        <\/div>\n                        <div class=\"splide__slide-content\">\n                            <h2>Planification financi\u00e8re<\/h2>\n                            <p class=\"splide__slide-p\">Maximiser votre revenu \/ minimiser les imp\u00f4ts<\/p>\n                        <\/div>\n                    <\/li>                     \n                    <li class=\"splide__slide\">\n                        <div class=\"slider-icon-wrapper\">\n                            <svg id=\"Layer_1\" data-name=\"Layer 1\" xmlns=\"http:\/\/www.w3.org\/2000\/svg\" viewbox=\"0 0 81.86 72.01\" role=\"presentation\">\n                                <defs>\n                                    <style>.cls-1 { fill: #7bac39; stroke-width: 0px; }<\/style>\n                                <\/defs>\n                                <path class=\"cls-1\" d=\"m57.92,0h3.48c16.1,4.04,11.06,25.58-2.62,21.12-5.24-1.7-8.18-10.14-1.95-12.93.25-.11.51-.14.78-.09.99.18,1.41.71,1.27,1.59-.06.37-.25.65-.57.84-5.32,3.23.74,9.54,5.58,7.8,13.3-4.8-3.13-26.63-16.92-7.48-8.83,12.27-6.71,37.24-4.47,51.3.02.16.17.27.33.24.1-.01.18-.08.22-.16,1.75-3.65,4.41-6.47,7.97-8.45.38-.21.61-.62.59-1.06-.31-7.63,2.83-12.49,9.44-14.6,4.64-1.49,10.02.15,14.59-1.71,1.39-.56,2.71-1.25,3.96-2.06.67-.44,1.57-.25,2.01.42.14.22.23.48.23.75.19,4.99-.8,9.9-2.96,14.73-4.59,10.21-16.4,13.16-25.33,6.21-.42-.33-1.01-.34-1.44-.04-4.85,3.41-7.56,8.02-8.13,13.83-.07.74-.48,1.46-1.16,1.68-.76.26-1.59-.15-1.85-.92-.02-.06-.04-.12-.05-.18-1.87-9.43-3.09-16.04-10.45-22.88-.26-.25-.57-.33-.92-.24C1.68,54.56-5.3,29.51,3.7,8.83c.31-.72,1.15-1.05,1.87-.74.23.1.44.26.59.47,2.75,3.78,5.33,6.48,9.95,8.29,13.45,5.27,22.03,11.71,15.92,27.59-.12.31-.06.66.17.9l5.63,6.23c.08.08.21.08.28,0,.04-.04.06-.1.06-.16-1.15-10.13-.66-20.18,1.47-30.15C42.05,9.99,48.14,2.91,57.92,0ZM7.95,23.52c1.15-.69,1.99-.38,2.53.91,3.42,8.21,10.74,14.16,18.17,18.64.28.17.48.1.61-.2,6.1-13.84-3.87-19.36-14.82-23.45-3.75-1.39-5.84-3.51-8.51-6.23-.31-.31-.53-.26-.68.15C.98,25.07,1.44,41.01,15.86,45.54c3.19,1.01,6.56.98,10.09-.07.36-.11.38-.26.07-.47-7.71-4.96-15.1-11.16-18.61-19.87-.24-.6-.01-1.28.54-1.61Zm65.01,20.06c.71.3,1.05,1.12.76,1.83-.18.43-.57.75-1.03.83-6.25,1.17-11.92,3.68-16.99,7.54-.31.23-.3.46.01.69,12.58,8.93,22.62-3.64,22.89-15.45,0-.35-.15-.46-.48-.34-2.77,1.07-5.63,1.64-8.56,1.73-7.81.25-13.59.46-14.93,9.77-.02.18.1.35.29.37.08.01.17-.01.23-.06,5.07-3.6,10.66-5.97,16.79-7.12.23-.05.48-.02.69.07.17.07.28.12.33.14Z\"\/>\n                            <\/svg>\n                        <\/div>\n                        <div class=\"splide__slide-content\">\n                            <h2>R\u00e9gime de pension d\u2019employeur<\/h2>\n                            <p class=\"splide__slide-p\">Bien comprendre \/ faire les bons choix<\/p>\n                        <\/div>\n                    <\/li>                     \n                    <li class=\"splide__slide\">\n                        <div class=\"slider-icon-wrapper\">\n                            <svg id=\"Layer_1\" data-name=\"Layer 1\" xmlns=\"http:\/\/www.w3.org\/2000\/svg\" viewbox=\"0 0 72.86 73.05\" role=\"presentation\">\n                                <defs>\n                                    <style>.cls-1 { fill: #7bac39; stroke-width: 0px; }<\/style>\n                                <\/defs>\n                                <path class=\"cls-1\" d=\"m43.81,57.12c3.41.13,4.26,3.78,7.71,3.76,5.06-.04,6.44,5.86,10.23,3.6,2.18-1.3,7.96,5.02,9.81,6.89.3.31.3.81-.02,1.12-.14.14-.33.22-.53.22-22.87.58-45.78.26-68.59.24-.58,0-1.13-.26-1.5-.71-.24-.29,7.7-10.19,10.69-7.4.74.69,1.9.65,2.58-.09.09-.09.16-.2.23-.3,2.27-3.76,6.09-3.15,9.74-4.56.33-.13.59-.33.79-.62.91-1.31,2.16-2.03,3.74-2.15.35-.03.67-.14.95-.34l5.14-3.63c.22-.16.34-.38.35-.66.23-9.24.76-15.11-5.18-21.4-.2-.21-.43-.24-.68-.09-4.91,3.03-9.72,2.97-14.41-.17C4.34,23.8-.59,13.76.06.71.08.33.28.13.66.1c10.98-.77,20.4,2.93,28.27,11.09,4.6,4.77,7.28,11.72,2.78,17.35-.22.28-.21.55.03.8,1.98,2.05,3.45,4.42,4.42,7.1.06.15.23.22.38.16.07-.03.13-.09.16-.17.88-2.6,2.27-4.88,4.18-6.83.27-.27.31-.58.12-.91-3.19-5.42-2.8-10.58,1.17-15.49C49.79,3.77,59.75-.6,72.03.08c.35.02.54.2.59.55,1.56,11.91-4.59,23.19-14.17,29.82-4.93,3.42-9.91,3.61-14.95.57-.29-.17-.54-.14-.77.1-6,6.49-5.03,13.07-5.05,21.36,0,.31.12.55.36.73l4.87,3.6c.27.19.57.3.9.31Zm-18.15-26.91c7-2.65,7.3-10.64,3.01-15.78C21.97,6.42,13.37,2.39,2.88,2.32c-.28,0-.5.22-.51.5,0,0,0,0,0,.01,0,8.82,3.12,16.34,9.36,22.57,3.54,3.53,8.99,6.69,13.93,4.81Zm18.88-15.92c-9.11,10.84,3.31,21.55,13.22,14,8.36-6.37,12.59-14.85,12.7-25.46,0-.31-.25-.56-.56-.56h0c-10.33.17-18.78,4.17-25.36,12.02Zm22.2,55.78l-3.42-3.14c-.31-.28-.64-.31-.99-.1-4.28,2.61-5.74-1.32-8.63-3.23-.27-.17-.56-.26-.88-.25-3.03.08-5.58-1.01-7.65-3.26-.21-.23-.5-.38-.81-.42-2.17-.29-3.92-1.28-5.27-2.97-.24-.3-.64-.41-1-.3-1.21.39-2.38.36-3.53-.11-.32-.13-.68-.03-.89.25-1.33,1.81-3.13,2.85-5.38,3.11-.39.05-.72.22-.98.52-2.07,2.32-4.64,3.37-7.71,3.15-.32-.03-.65.09-.89.31-2.65,2.34-4.38,5.59-8.45,3.2-.27-.16-.52-.14-.75.06l-3.73,3.17c-.16.13-.18.36-.06.52.07.09.17.13.29.13h60.48c.63,0,.71-.21.25-.64Z\"\/>\n                                <path class=\"cls-1\" d=\"m11.4,11.78c.25-.04.42-.27.39-.52-.02-.12-.08-.22-.18-.3-.79-.61-6.33-4.56-6.4-5.14-.08-.71.43-1.36,1.13-1.44.32-.04.65.05.91.24l9.79,7.45c.28.21.46.15.54-.2l.72-3.05c.11-.46.39-.65.86-.57,2.24.38.63,4.14.51,5.65-.03.37.08.69.34.96l3.56,3.72c.91.95,1.36.82,1.37-.39,0-.68.31-1.09.93-1.23.67-.15,1.33.27,1.48.94.06.25.03.52-.07.76-1.12,2.64-.68,4.9,1.33,6.79.26.25.28.65.05.91-2.02,2.33-4.55-3.14-5.77-4.53-.24-.27-.53-.35-.87-.26-1.23.34-8.85,3.21-8.55.58.04-.37.29-.68.63-.8,2-.71,4.04-1.25,6.13-1.6.3-.05.5-.33.45-.63-.02-.12-.08-.23-.16-.32l-5.43-5.33c-.29-.29-.64-.38-1.03-.25l-4.22,1.35c-.61.23-1.38-.03-1.73-.57-.35-.54-.14-1.17.46-1.4h0c.93-.4,1.87-.67,2.83-.82Z\"\/>\n                                <path class=\"cls-1\" d=\"m48.73,19.32l4.27-4.68c.25-.28.34-.61.26-.98l-.86-4.01c-.07-.31.01-.58.24-.81.45-.44.93-.54,1.44-.29.35.17.56.44.64.82l.49,2.32c.09.45.32.53.69.26l10.01-7.5c.19-.14.43-.16.64-.06,3.15,1.58-4.17,5.68-5.38,6.63-.39.31-.35.53.13.65l2.4.6c.45.12.77.5.82.96.09.87-.31,1.31-1.2,1.32-.33,0-.66-.04-.97-.15-1.21-.41-2.42-.79-3.65-1.13-.34-.09-.64-.01-.89.24l-5.57,5.42c-.31.3-.25.51.17.62l6.27,1.67c.42.12.69.52.65.95-.26,2.54-7.11-.24-8.64-.58-.31-.07-.64.05-.83.31l-3.63,4.95c-.18.24-.41.34-.7.3-2.89-.42-.15-3.14.43-4.11.19-.31.27-.65.22-1.02l-.51-4.23c-.06-.44.26-.85.71-.91.09-.01.18,0,.26,0,1.11.22,1.64.96,1.58,2.22-.03.55.14.62.51.21Z\"\/>\n                            <\/svg>\n                        <\/div>\n                        <div class=\"splide__slide-content\">\n                            <h2>Planification de la retraite<\/h2>\n                            <p class=\"splide__slide-p\">Quand aurez-vous les moyens de partir \u00e0 la retraite?<\/p>\n                        <\/div>\n                    <\/li>                     \n                <\/ul>                 \n            <\/div>             \n            <ul class=\"splide__pagination\"><\/ul>             \n        <\/section>\n    <\/div>     \n<\/section>\n\n\n<section class=\"wp-block-wp-expert-home-believe home-mission\"> <div class=\"container\"> <h2>We Believe<\/h2> <p>Nous croyons que tous devraient avoir acc\u00e8s \u00e0 de judicieux conseils en mati\u00e8re de finance et de r\u00e9gime de pension d\u2019employeur afin d\u2019acc\u00e9der \u00e0 une agr\u00e9able retraite, bien remplie et libre de soucis financiers.<\/p> <\/div> <\/section>\n\n\n<section class=\"home-about wp-block-wp-expert-home-about-us home-about wp-block-wp-expert-home-about-us\">\n            <img loading=\"lazy\" decoding=\"async\" width=\"2000\" height=\"960\" src=\"https:\/\/www.rochebanyan.ca\/wp-content\/uploads\/Hiking_Couple.webp\" class=\"wp-image-4845 home-about-bg\" alt=\"Hiking couple\" srcset=\"https:\/\/www.rochebanyan.ca\/wp-content\/uploads\/Hiking_Couple.webp 2000w, https:\/\/www.rochebanyan.ca\/wp-content\/uploads\/Hiking_Couple-300x144.webp 300w, https:\/\/www.rochebanyan.ca\/wp-content\/uploads\/Hiking_Couple-1024x492.webp 1024w, https:\/\/www.rochebanyan.ca\/wp-content\/uploads\/Hiking_Couple-768x369.webp 768w, https:\/\/www.rochebanyan.ca\/wp-content\/uploads\/Hiking_Couple-1536x737.webp 1536w\" sizes=\"auto, (max-width: 2000px) 100vw, 2000px\" \/>\n            <div data-empty-placeholder class=\"home-about-overlay\"><\/div>\n    <div class=\"container\">\n        <h2>Qui sommes-nous<\/h2>\n        <p>RocheBanyan est une entreprise de planification financi\u00e8re qui dessert principalement une client\u00e8le qui participe \u00e0 un r\u00e9gime de pension d\u2019employeur. Nous connaissons la l\u00e9gislation concernant les r\u00e9gimes de pension et savons comment organiser la planification de votre retraite de mani\u00e8re \u00e0 y int\u00e9grer \u00e0 la fois vos revenus de pension et vos revenus de placement. Nous avons comme objectif de fournir \u00e0 nos clients des conseils professionnels et un service hors pair.<\/p>\n        <a href=\"\/fr\/the-team\/\" class=\"btn\"><p class=\"btn-text\">Rencontrer l'\u00e9quipe<\/p><div class=\"btn-arrow\">\n                <svg xmlns=\"http:\/\/www.w3.org\/2000\/svg\" width=\"18.634\" height=\"19.705\" viewbox=\"0 0 18.634 30.705\" preserveaspectratio> \n                    <path id=\"Icon_awesome-chevron-right\" data-name=\"Icon awesome-chevron-right\" d=\"M20.073,19.193,6.408,32.858a1.687,1.687,0,0,1-2.386,0L2.427,31.264a1.687,1.687,0,0,1,0-2.384L13.254,18,2.425,7.119a1.687,1.687,0,0,1,0-2.384L4.021,3.142a1.687,1.687,0,0,1,2.386,0L20.072,16.807A1.688,1.688,0,0,1,20.073,19.193Z\" transform=\"translate(-1.933 -2.648)\" fill=\"#fff\"\/> \n                <\/svg>\n            <\/div><\/a>\n    <\/div>\n<\/section>","protected":false},"excerpt":{"rendered":"","protected":false},"author":2,"featured_media":0,"parent":0,"menu_order":0,"comment_status":"closed","ping_status":"closed","template":"","meta":{"_seopress_robots_primary_cat":"","_seopress_titles_title":"","_seopress_titles_desc":"","_seopress_robots_index":"","footnotes":""},"class_list":["post-2","page","type-page","status-publish","hentry"],"meta_box":{"tab-1-btn-title":"","tab_1_content_title":"","tab_1_content_paragraphs":"","tab_1_content_btn-link-txt":"","tab_1_content_button_link":"","tab_2_tab_button_title":"","tab_2_content_title":"","tab_2_content_paragraphs":"","tab_2_content_button_link_text":"","tab_2_content_button_link":"","tab_3_tab_button_title":"","tab_3_content_title":"","tab_3_content_paragraphs":"","tab_3_content_button_link_text":"","tab_3_content_button_link":"","tab_4_tab_button_title":"","tab_4_content_title":"","tab_4_content_paragraphs":"","tab_4_content_button_link_text":"","tab_4_content_button_link":""},"_links":{"self":[{"href":"https:\/\/www.rochebanyan.ca\/fr\/wp-json\/wp\/v2\/pages\/2","targetHints":{"allow":["GET"]}}],"collection":[{"href":"https:\/\/www.rochebanyan.ca\/fr\/wp-json\/wp\/v2\/pages"}],"about":[{"href":"https:\/\/www.rochebanyan.ca\/fr\/wp-json\/wp\/v2\/types\/page"}],"author":[{"embeddable":true,"href":"https:\/\/www.rochebanyan.ca\/fr\/wp-json\/wp\/v2\/users\/2"}],"replies":[{"embeddable":true,"href":"https:\/\/www.rochebanyan.ca\/fr\/wp-json\/wp\/v2\/comments?post=2"}],"version-history":[{"count":5,"href":"https:\/\/www.rochebanyan.ca\/fr\/wp-json\/wp\/v2\/pages\/2\/revisions"}],"predecessor-version":[{"id":5992,"href":"https:\/\/www.rochebanyan.ca\/fr\/wp-json\/wp\/v2\/pages\/2\/revisions\/5992"}],"wp:attachment":[{"href":"https:\/\/www.rochebanyan.ca\/fr\/wp-json\/wp\/v2\/media?parent=2"}],"curies":[{"name":"wp","href":"https:\/\/api.w.org\/{rel}","templated":true}]}}